{"id":1671,"date":"2024-09-11T14:21:30","date_gmt":"2024-09-11T12:21:30","guid":{"rendered":"https:\/\/uspumate.fr\/?page_id=1671"},"modified":"2024-10-07T09:09:09","modified_gmt":"2024-10-07T07:09:09","slug":"football-adapte","status":"publish","type":"page","link":"https:\/\/uspumate.fr\/index.php\/au-coeur-de-lus-puy-maz-tess\/football-adapte\/","title":{"rendered":"Football Adapt\u00e9"},"content":{"rendered":"\n<p>Depuis septembre 2014, en collaboration avec les Foyer \u00ab\u00a0Les Hirondelles\u00a0\u00bb et \u00ab\u00a0Haie Vive\u00a0\u00bb de Cholet, le club SP Mazi\u00e8res a ouvert une section de football adapt\u00e9. Avec la fusion, concr\u00e8tement, cela ne change rien pour notre section de football adapt\u00e9, qui continue d&rsquo;exister dans ce nouveau club !Vous trouverez donc ci-dessous les informations concernant la saison 2024-2025 du FOOT ADAPT\u00c9 !!<\/p>\n\n\n\n<p><strong>1. REPRISE<\/strong><\/p>\n\n\n\n<p>Vous trouverez en PJ le calendrier de la saison (sous r\u00e9serve de modification)<\/p>\n\n\n\n<p>Pour septembre, voici le calendrier :<\/p>\n\n\n\n<ul class=\"wp-block-list\">\n<li>Lundi 16 septembre : Entrainement \u00e0 Mazi\u00e8res (18h15 \u00e0 20h) ==&gt; REPRISE<\/li>\n\n\n\n<li>Lundi 23 septembre : Entrainement \u00e0 Mazi\u00e8res (18h15 \u00e0 20h)<\/li>\n\n\n\n<li>Lundi 30 septembre : Entrainement \u00e0 Mazi\u00e8res (18h15 \u00e0 20h)<\/li>\n<\/ul>\n\n\n\n<p><strong>LE MOIS DE SEPTEMBRE EST AUSSI L&rsquo;OCCASION POUR D&rsquo;\u00c9VENTUELS NOUVEAUX JOUEURS(EUSES) DE VENIR FAIRE DES S\u00c9ANCES D&rsquo;ESSAIS ! N&rsquo;H\u00c9SITEZ&nbsp;PAS \u00c0 EN PARLER AUTOUR DE VOUS !!<\/strong><\/p>\n\n\n\n<p><br><strong>2. INSCRIPTION<\/strong><\/p>\n\n\n\n<ul class=\"wp-block-list\">\n<li><strong>Co\u00fbt<\/strong>&nbsp;:&nbsp;<strong>90\u20ac<\/strong>&nbsp;(payable par ch\u00e8que, esp\u00e8ces ou pass&rsquo;sport)\n<ul class=\"wp-block-list\">\n<li>+ un bon d&rsquo;achat pour une paire de chaussettes<\/li>\n\n\n\n<li>+ un surv\u00eatement du club offert<\/li>\n<\/ul>\n<\/li>\n\n\n\n<li><strong>Certificat m\u00e9dical<\/strong>&nbsp;: nous aurons besoin d&rsquo;un certificat m\u00e9dical&nbsp;<strong><u>pour tous les joueurs<\/u>. Prenez d\u00e9j\u00e0 vos rendez-vous !! VOUS TROUVEREZ LE DOCUMENT \u00c0 COMPL\u00c9TER EN PJ.<\/strong><\/li>\n\n\n\n<li><strong>Coordonn\u00e9es n\u00e9cessaires pour chaque joueur<\/strong>&nbsp;: nom, pr\u00e9nom, date de naissance, nationalit\u00e9, adresse, code postal, ville et email. Pouvez-vous me transmettre ces informations avant la reprise si possible.<\/li>\n\n\n\n<li><strong>Documents licence<\/strong>&nbsp;: D\u00e8s r\u00e9ception des coordonn\u00e9es des joueurs, je pr\u00e9parerai les documents n\u00e9cessaires \u00e0 l&rsquo;inscription que je donnerai directement aux joueurs (ou \u00e9ducateurs) lors des premiers entra\u00eenements.<\/li>\n<\/ul>\n\n\n\n<p><strong>3. ENTRAINEMENTS<\/strong><\/p>\n\n\n\n<ul class=\"wp-block-list\">\n<li><strong>Horaires&nbsp;<\/strong>: le lundi soir de 18h15 \u00e0 20h<\/li>\n\n\n\n<li><strong>Lieu&nbsp;<\/strong>: Stade de Mazi\u00e8res en Mauges<\/li>\n\n\n\n<li><strong>Sac de foot<\/strong>&nbsp;: vous trouverez en pi\u00e8ce jointe un document r\u00e9capitulatif concernant l&rsquo;\u00e9quipement du footballeur.<\/li>\n<\/ul>\n\n\n\n<p><strong>4. MATCHS<\/strong><\/p>\n\n\n\n<ul class=\"wp-block-list\">\n<li><strong>Championnat r\u00e9gional FUTSAL<\/strong>\n<ul class=\"wp-block-list\">\n<li>Samedi 9 novembre 2024 (toute la journ\u00e9e) :&nbsp;<em>lieu \u00e0 d\u00e9finir<\/em><\/li>\n\n\n\n<li>Samedi 23 novembre 2024 (toute la journ\u00e9e) :&nbsp;<em>lieu \u00e0 d\u00e9finir<\/em><\/li>\n\n\n\n<li>Samedi 7 d\u00e9cembre 2024 (toute la journ\u00e9e) :&nbsp;<em>lieu \u00e0 d\u00e9finir<\/em><\/li>\n<\/ul>\n<\/li>\n\n\n\n<li><strong>Championnat r\u00e9gional FOOT \u00c0 7<\/strong>\n<ul class=\"wp-block-list\">\n<li>Samedi 1er mars 2025 (toute la journ\u00e9e) :&nbsp;<em>lieu \u00e0 d\u00e9finir<\/em><\/li>\n\n\n\n<li>Samedi 15 mars 2025 (toute la journ\u00e9e) :&nbsp;<em>lieu \u00e0 d\u00e9finir<\/em><\/li>\n\n\n\n<li>Samedi 5 avril 2025 (toute la journ\u00e9e) :&nbsp;<em>lieu \u00e0 d\u00e9finir<\/em><\/li>\n<\/ul>\n<\/li>\n<\/ul>\n\n\n\n<p>A cela, il faudra sans doute ajouter plusieurs dates suppl\u00e9mentaires pour des tournois ou journ\u00e9es amicales entre le mois d&rsquo;avril et le mois de juin. Nous reviendrons vers vous d\u00e8s que nous aurons plus d&rsquo;informations.<\/p>\n\n\n\n<p><\/p>\n\n\n\n<p>Responsable Football adapt\u00e9 :                                                                                                                                                                                                                                             Charles Sourisseau                                                                                                                                                                                                                                                    06 99 78 59 41<\/p>\n\n\n\n<p><\/p>\n\n\n\n<p><\/p>\n\n\n\n<p><\/p>\n\n\n\n<p><\/p>\n\n\n\n<figure class=\"wp-block-image size-full\"><img fetchpriority=\"high\" decoding=\"async\" width=\"909\" height=\"775\" src=\"https:\/\/uspumate.fr\/wp-content\/uploads\/2024\/09\/sac-de-foot-1.jpg\" alt=\"\" class=\"wp-image-1676\" srcset=\"https:\/\/uspumate.fr\/wp-content\/uploads\/2024\/09\/sac-de-foot-1.jpg 909w, https:\/\/uspumate.fr\/wp-content\/uploads\/2024\/09\/sac-de-foot-1-640x546.jpg 640w, https:\/\/uspumate.fr\/wp-content\/uploads\/2024\/09\/sac-de-foot-1-768x655.jpg 768w\" sizes=\"(max-width: 909px) 100vw, 909px\" \/><\/figure>\n\n\n\n<div data-wp-interactive=\"core\/file\" class=\"wp-block-file\"><object data-wp-bind--hidden=\"!state.hasPdfPreview\" hidden class=\"wp-block-file__embed\" data=\"https:\/\/uspumate.fr\/wp-content\/uploads\/2024\/09\/CERTIFICAT_MEDICAL.pdf\" type=\"application\/pdf\" style=\"width:100%;height:600px\" aria-label=\"Contenu embarqu\u00e9 CERTIFICAT_MEDICAL.\"><\/object><a id=\"wp-block-file--media-391886b5-67a9-4452-b320-2e5fd437e7f4\" href=\"https:\/\/uspumate.fr\/wp-content\/uploads\/2024\/09\/CERTIFICAT_MEDICAL.pdf\">CERTIFICAT_MEDICAL<\/a><a href=\"https:\/\/uspumate.fr\/wp-content\/uploads\/2024\/09\/CERTIFICAT_MEDICAL.pdf\" class=\"wp-block-file__button wp-element-button\" download aria-describedby=\"wp-block-file--media-391886b5-67a9-4452-b320-2e5fd437e7f4\">T\u00e9l\u00e9charger<\/a><\/div>\n\n\n\n<div data-wp-interactive=\"core\/file\" class=\"wp-block-file\"><object data-wp-bind--hidden=\"!state.hasPdfPreview\" hidden class=\"wp-block-file__embed\" data=\"https:\/\/uspumate.fr\/wp-content\/uploads\/2024\/09\/CALENDRIER2024-2025.pdf\" type=\"application\/pdf\" style=\"width:100%;height:600px\" aria-label=\"Contenu embarqu\u00e9 CALENDRIER2024-2025.\"><\/object><a id=\"wp-block-file--media-fbdafc90-798f-4579-a753-9f8e68c6f24c\" href=\"https:\/\/uspumate.fr\/wp-content\/uploads\/2024\/09\/CALENDRIER2024-2025.pdf\">CALENDRIER2024-2025<\/a><a href=\"https:\/\/uspumate.fr\/wp-content\/uploads\/2024\/09\/CALENDRIER2024-2025.pdf\" class=\"wp-block-file__button wp-element-button\" download aria-describedby=\"wp-block-file--media-fbdafc90-798f-4579-a753-9f8e68c6f24c\">T\u00e9l\u00e9charger<\/a><\/div>\n\n\n\n<p><\/p>\n","protected":false},"excerpt":{"rendered":"<p>Depuis septembre 2014, en collaboration avec les Foyer \u00ab\u00a0Les Hirondelles\u00a0\u00bb et \u00ab\u00a0Haie Vive\u00a0\u00bb de Cholet, le club SP Mazi\u00e8res a [&hellip;]<\/p>\n","protected":false},"author":5,"featured_media":252,"parent":295,"menu_order":0,"comment_status":"closed","ping_status":"closed","template":"","meta":{"site-sidebar-layout":"default","site-content-layout":"","ast-site-content-layout":"default","site-content-style":"default","site-sidebar-style":"default","ast-global-header-display":"","ast-banner-title-visibility":"","ast-main-header-display":"","ast-hfb-above-header-display":"","ast-hfb-below-header-display":"","ast-hfb-mobile-header-display":"","site-post-title":"","ast-breadcrumbs-content":"","ast-featured-img":"","footer-sml-layout":"","ast-disable-related-posts":"","theme-transparent-header-meta":"","adv-header-id-meta":"","stick-header-meta":"","header-above-stick-meta":"","header-main-stick-meta":"","header-below-stick-meta":"","astra-migrate-meta-layouts":"default","ast-page-background-enabled":"default","ast-page-background-meta":{"desktop":{"background-color":"var(--ast-global-color-4)","background-image":"","background-repeat":"repeat","background-position":"center center","background-size":"auto","background-attachment":"scroll","background-type":"","background-media":"","overlay-type":"","overlay-color":"","overlay-opacity":"","overlay-gradient":""},"tablet":{"background-color":"","background-image":"","background-repeat":"repeat","background-position":"center center","background-size":"auto","background-attachment":"scroll","background-type":"","background-media":"","overlay-type":"","overlay-color":"","overlay-opacity":"","overlay-gradient":""},"mobile":{"background-color":"","background-image":"","background-repeat":"repeat","background-position":"center center","background-size":"auto","background-attachment":"scroll","background-type":"","background-media":"","overlay-type":"","overlay-color":"","overlay-opacity":"","overlay-gradient":""}},"ast-content-background-meta":{"desktop":{"background-color":"var(--ast-global-color-5)","background-image":"","background-repeat":"repeat","background-position":"center center","background-size":"auto","background-attachment":"scroll","background-type":"","background-media":"","overlay-type":"","overlay-color":"","overlay-opacity":"","overlay-gradient":""},"tablet":{"background-color":"var(--ast-global-color-5)","background-image":"","background-repeat":"repeat","background-position":"center center","background-size":"auto","background-attachment":"scroll","background-type":"","background-media":"","overlay-type":"","overlay-color":"","overlay-opacity":"","overlay-gradient":""},"mobile":{"background-color":"var(--ast-global-color-5)","background-image":"","background-repeat":"repeat","background-position":"center center","background-size":"auto","background-attachment":"scroll","background-type":"","background-media":"","overlay-type":"","overlay-color":"","overlay-opacity":"","overlay-gradient":""}},"footnotes":""},"class_list":["post-1671","page","type-page","status-publish","has-post-thumbnail","hentry"],"_links":{"self":[{"href":"https:\/\/uspumate.fr\/index.php\/wp-json\/wp\/v2\/pages\/1671","targetHints":{"allow":["GET"]}}],"collection":[{"href":"https:\/\/uspumate.fr\/index.php\/wp-json\/wp\/v2\/pages"}],"about":[{"href":"https:\/\/uspumate.fr\/index.php\/wp-json\/wp\/v2\/types\/page"}],"author":[{"embeddable":true,"href":"https:\/\/uspumate.fr\/index.php\/wp-json\/wp\/v2\/users\/5"}],"replies":[{"embeddable":true,"href":"https:\/\/uspumate.fr\/index.php\/wp-json\/wp\/v2\/comments?post=1671"}],"version-history":[{"count":5,"href":"https:\/\/uspumate.fr\/index.php\/wp-json\/wp\/v2\/pages\/1671\/revisions"}],"predecessor-version":[{"id":2949,"href":"https:\/\/uspumate.fr\/index.php\/wp-json\/wp\/v2\/pages\/1671\/revisions\/2949"}],"up":[{"embeddable":true,"href":"https:\/\/uspumate.fr\/index.php\/wp-json\/wp\/v2\/pages\/295"}],"wp:featuredmedia":[{"embeddable":true,"href":"https:\/\/uspumate.fr\/index.php\/wp-json\/"}],"wp:attachment":[{"href":"https:\/\/uspumate.fr\/index.php\/wp-json\/wp\/v2\/media?parent=1671"}],"curies":[{"name":"wp","href":"https:\/\/api.w.org\/{rel}","templated":true}]}}