{"id":2043,"date":"2024-11-14T12:58:07","date_gmt":"2024-11-14T11:58:07","guid":{"rendered":"https:\/\/uspumate.fr\/?page_id=2043"},"modified":"2024-11-14T13:27:20","modified_gmt":"2024-11-14T12:27:20","slug":"boutique","status":"publish","type":"page","link":"https:\/\/uspumate.fr\/index.php\/club\/boutique\/","title":{"rendered":"La boutique du club"},"content":{"rendered":"\n<p>Bienvenue sur la boutique TEMPORAIRE de L&rsquo;US PUMATE En attendant qu&rsquo;Hummel finalise le param\u00e9trage de sa boutique en ligne directement reli\u00e9e \u00e0 son stock europ\u00e9en, nous avons d\u00e9cid\u00e9 de lancer, avec notre partenaire Intersport, une boutique temporaire<\/p>\n\n\n\n<p>D\u00e9couvrez les nouveaux \u00e9quipements et \u00e9quipez vous avec les produits du club pour \u00eatre \u00e0 ses couleurs et le repr\u00e9senter au mieux tout au long de la saison !<\/p>\n\n\n\n<p>Le prix affich\u00e9 des articles comprend le flocage du logo club.<\/p>\n\n\n\n<p>A la suite de votre commande sur la boutique, vous serez directement contact\u00e9 par notre cellule afin de retirer votre commande \u00e0 l&rsquo;accueil du magasin INTERSPORT DE CHOLET.<\/p>\n\n\n\n<p><strong>Relev\u00e9 de commandes tous les lundis<\/strong><\/p>\n\n\n\n<p><strong>D\u00e9lai 21 jours<\/strong><\/p>\n\n\n\n<iframe id=\"haWidget\" class=\"iframeboutique\" scrolling=\"yes\" src=\"https:\/\/www.helloasso.com\/associations\/us-puy-maz-tess\/boutiques\/boutique-us-pumate\/widget\" style=\"width: 100%;\"><\/iframe>\n\n\n\n<p><\/p>\n","protected":false},"excerpt":{"rendered":"<p>Bienvenue sur la boutique TEMPORAIRE de L&rsquo;US PUMATE En attendant qu&rsquo;Hummel finalise le param\u00e9trage de sa boutique en ligne directement [&hellip;]<\/p>\n","protected":false},"author":1,"featured_media":252,"parent":77,"menu_order":99,"comment_status":"closed","ping_status":"closed","template":"","meta":{"site-sidebar-layout":"default","site-content-layout":"","ast-site-content-layout":"default","site-content-style":"default","site-sidebar-style":"default","ast-global-header-display":"","ast-banner-title-visibility":"","ast-main-header-display":"","ast-hfb-above-header-display":"","ast-hfb-below-header-display":"","ast-hfb-mobile-header-display":"","site-post-title":"","ast-breadcrumbs-content":"","ast-featured-img":"","footer-sml-layout":"","ast-disable-related-posts":"","theme-transparent-header-meta":"","adv-header-id-meta":"","stick-header-meta":"","header-above-stick-meta":"","header-main-stick-meta":"","header-below-stick-meta":"","astra-migrate-meta-layouts":"default","ast-page-background-enabled":"default","ast-page-background-meta":{"desktop":{"background-color":"var(--ast-global-color-4)","background-image":"","background-repeat":"repeat","background-position":"center center","background-size":"auto","background-attachment":"scroll","background-type":"","background-media":"","overlay-type":"","overlay-color":"","overlay-opacity":"","overlay-gradient":""},"tablet":{"background-color":"","background-image":"","background-repeat":"repeat","background-position":"center center","background-size":"auto","background-attachment":"scroll","background-type":"","background-media":"","overlay-type":"","overlay-color":"","overlay-opacity":"","overlay-gradient":""},"mobile":{"background-color":"","background-image":"","background-repeat":"repeat","background-position":"center center","background-size":"auto","background-attachment":"scroll","background-type":"","background-media":"","overlay-type":"","overlay-color":"","overlay-opacity":"","overlay-gradient":""}},"ast-content-background-meta":{"desktop":{"background-color":"var(--ast-global-color-5)","background-image":"","background-repeat":"repeat","background-position":"center center","background-size":"auto","background-attachment":"scroll","background-type":"","background-media":"","overlay-type":"","overlay-color":"","overlay-opacity":"","overlay-gradient":""},"tablet":{"background-color":"var(--ast-global-color-5)","background-image":"","background-repeat":"repeat","background-position":"center center","background-size":"auto","background-attachment":"scroll","background-type":"","background-media":"","overlay-type":"","overlay-color":"","overlay-opacity":"","overlay-gradient":""},"mobile":{"background-color":"var(--ast-global-color-5)","background-image":"","background-repeat":"repeat","background-position":"center center","background-size":"auto","background-attachment":"scroll","background-type":"","background-media":"","overlay-type":"","overlay-color":"","overlay-opacity":"","overlay-gradient":""}},"footnotes":""},"class_list":["post-2043","page","type-page","status-publish","has-post-thumbnail","hentry"],"_links":{"self":[{"href":"https:\/\/uspumate.fr\/index.php\/wp-json\/wp\/v2\/pages\/2043","targetHints":{"allow":["GET"]}}],"collection":[{"href":"https:\/\/uspumate.fr\/index.php\/wp-json\/wp\/v2\/pages"}],"about":[{"href":"https:\/\/uspumate.fr\/index.php\/wp-json\/wp\/v2\/types\/page"}],"author":[{"embeddable":true,"href":"https:\/\/uspumate.fr\/index.php\/wp-json\/wp\/v2\/users\/1"}],"replies":[{"embeddable":true,"href":"https:\/\/uspumate.fr\/index.php\/wp-json\/wp\/v2\/comments?post=2043"}],"version-history":[{"count":20,"href":"https:\/\/uspumate.fr\/index.php\/wp-json\/wp\/v2\/pages\/2043\/revisions"}],"predecessor-version":[{"id":2082,"href":"https:\/\/uspumate.fr\/index.php\/wp-json\/wp\/v2\/pages\/2043\/revisions\/2082"}],"up":[{"embeddable":true,"href":"https:\/\/uspumate.fr\/index.php\/wp-json\/wp\/v2\/pages\/77"}],"wp:featuredmedia":[{"embeddable":true,"href":"https:\/\/uspumate.fr\/index.php\/wp-json\/"}],"wp:attachment":[{"href":"https:\/\/uspumate.fr\/index.php\/wp-json\/wp\/v2\/media?parent=2043"}],"curies":[{"name":"wp","href":"https:\/\/api.w.org\/{rel}","templated":true}]}}