{"id":583,"date":"2024-07-18T16:45:32","date_gmt":"2024-07-18T14:45:32","guid":{"rendered":"https:\/\/uspumate.fr\/?page_id=583"},"modified":"2026-03-28T14:35:17","modified_gmt":"2026-03-28T13:35:17","slug":"convocations-seniors","status":"publish","type":"page","link":"https:\/\/uspumate.fr\/index.php\/convocations\/convocations-seniors\/","title":{"rendered":"Convocations s\u00e9niors"},"content":{"rendered":"\n<h2 class=\"wp-block-heading has-text-align-center\" id=\"Samedi__Mai_\"><strong>29 Mars <\/strong>2026<\/h2>\n\n\n\n<p class=\"has-text-align-center\"><mark class=\"has-inline-color has-ast-global-color-0-color\"><strong>ATTENTION PASSAGE \u00c0 L\u2019HEURE D\u2019\u00c9T\u00c9 +1H<\/strong><\/mark><\/p>\n\n\n\n<header class=\"wp-block-group has-small-font-size is-horizontal is-content-justification-center is-nowrap is-layout-flex wp-container-core-group-is-layout-8d6c98a8 wp-block-group-is-layout-flex\" style=\"margin-top:0;margin-bottom:0;padding-top:0;padding-right:0;padding-bottom:0;padding-left:0\">\n<h4 class=\"wp-block-heading has-text-align-center has-small-font-size\" id=\"Modifi\u00e9_le\"><em>Modifi\u00e9 le<\/em><\/h4>\n\n\n<div style=\"margin-top:0px;margin-bottom:0px;margin-left:0;margin-right:0;\" class=\"has-text-align-center wp-block-post-date__modified-date wp-block-post-date has-small-font-size\"><time datetime=\"2026-03-28T14:35:17+01:00\">28 mars 2026<\/time><\/div><\/header>\n\n\n\n<div class=\"wp-block-ultimate-post-table-of-content ultp-block-d2d88b undefined\"><div class=\"ultp-block-wrapper\"><div class=\"ultp-block-toc\"><div class=\"ultp-toc-header\"><div class=\"ultp-toc-heading\">Acc\u00e8s direct<\/div><div class=\"ultp-collapsible-toggle  ultp-collapsible-right\"><a href=\"#\" class=\"ultp-collapsible-text ultp-collapsible-open\">[Open]<\/a><a href=\"#\" class=\"ultp-collapsible-text ultp-collapsible-hide\">[Close]<\/a><\/div><\/div><div class=\"ultp-block-toc-style1 ultp-block-toc-body\" style=\"display:block\"><ul class=\"ultp-toc-lists\"><li><a href=\"#Equipe_A\">Equipe A<\/a><\/li><li><a href=\"#Equipe_B\">Equipe B<\/a><\/li><li><a href=\"#Equipe_C\">Equipe C<\/a><\/li><li><a href=\"#Equipe_D\">Equipe D<\/a><\/li><li><a href=\"#Equipe_E\">Equipe E<\/a><\/li><\/ul><\/div><\/div><\/div><\/div>\n\n\n\n<p>&nbsp;<\/p>\n\n\n\n<div class=\"wp-block-columns is-layout-flex wp-container-core-columns-is-layout-28f84493 wp-block-columns-is-layout-flex\">\n<div class=\"wp-block-column is-layout-flow wp-block-column-is-layout-flow\" style=\"flex-basis:100%\">\n<h1 class=\"wp-block-heading\" id=\"Equipe_A\">Equipe A<\/h1>\n\n\n\n<figure class=\"wp-block-table alignfull is-style-stripes has-medium-font-size\"><table class=\"has-black-color has-text-color has-background has-link-color has-fixed-layout\" style=\"background-color:#e7f5fe\"><tbody><tr><td class=\"has-text-align-right\" data-align=\"right\"><strong>Ev\u00e9nement :<\/strong><\/td><td class=\"has-text-align-left\" data-align=\"left\">CHAMPIONNAT J17<\/td><\/tr><tr><td class=\"has-text-align-right\" data-align=\"right\"><strong>Heure du match :<\/strong><\/td><td class=\"has-text-align-left\" data-align=\"left\">15H00<\/td><\/tr><tr><td class=\"has-text-align-right\" data-align=\"right\"><strong>Adversaire :<\/strong><\/td><td class=\"has-text-align-left\" data-align=\"left\">POUANCE<\/td><\/tr><tr><td class=\"has-text-align-right\" data-align=\"right\"><strong>Lieu :<\/strong><\/td><td class=\"has-text-align-left\" data-align=\"left\">MAZI\u00c8RES-EN-MAUGES<\/td><\/tr><tr><td class=\"has-text-align-right\" data-align=\"right\"><strong>Lieu \/ heure RDV :<\/strong><\/td><td class=\"has-text-align-left\" data-align=\"left\">MAZI\u00c8RES \/ 13H30<\/td><\/tr><\/tbody><\/table><\/figure>\n\n\n\n<figure class=\"wp-block-table alignfull is-style-stripes\"><table class=\"has-background\" style=\"background-color:#e7f5fe\"><thead><tr><th class=\"has-text-align-center\" data-align=\"center\"><strong>JOUEURS CONVOQUES<\/strong><\/th><\/tr><\/thead><tbody><tr><td class=\"has-text-align-center\" data-align=\"center\">Jules DENIS<\/td><\/tr><tr><td class=\"has-text-align-center\" data-align=\"center\">Valentin NAUD<\/td><\/tr><tr><td class=\"has-text-align-center\" data-align=\"center\">Titouan OGER<\/td><\/tr><tr><td class=\"has-text-align-center\" data-align=\"center\">Matthieu DELAHAYE<\/td><\/tr><tr><td class=\"has-text-align-center\" data-align=\"center\">Florian POUPEAU<\/td><\/tr><tr><td class=\"has-text-align-center\" data-align=\"center\">Thomas SOURISSEAU<\/td><\/tr><tr><td class=\"has-text-align-center\" data-align=\"center\">L\u00e9o FROUIN<\/td><\/tr><tr><td class=\"has-text-align-center\" data-align=\"center\">Elouan COUSSEAU<\/td><\/tr><tr><td class=\"has-text-align-center\" data-align=\"center\">K\u00e9vin LEPINE<\/td><\/tr><tr><td class=\"has-text-align-center\" data-align=\"center\">Cl\u00e9ment LEFORT<\/td><\/tr><tr><td class=\"has-text-align-center\" data-align=\"center\">Jules LOISEAU<\/td><\/tr><tr><td class=\"has-text-align-center\" data-align=\"center\">Lenny SOYER<\/td><\/tr><tr><td class=\"has-text-align-center\" data-align=\"center\">Titouan BODART<\/td><\/tr><tr><td class=\"has-text-align-center\" data-align=\"center\">Venceslas LEMASSON<\/td><\/tr><tr><td class=\"has-text-align-center\" data-align=\"center\"><\/td><\/tr><\/tbody><\/table><\/figure>\n<\/div>\n<\/div>\n\n\n\n<div class=\"wp-block-columns is-layout-flex wp-container-core-columns-is-layout-28f84493 wp-block-columns-is-layout-flex\">\n<div class=\"wp-block-column is-layout-flow wp-block-column-is-layout-flow\" style=\"flex-basis:100%\">\n<h1 class=\"wp-block-heading\" id=\"Equipe_B\">Equipe B<\/h1>\n\n\n\n<figure class=\"wp-block-table alignfull is-style-stripes has-medium-font-size\"><table class=\"has-background has-fixed-layout\" style=\"background-color:#e7f5fe\"><tbody><tr><td class=\"has-text-align-right\" data-align=\"right\"><strong>Ev\u00e9nement :<\/strong><\/td><td class=\"has-text-align-left\" data-align=\"left\">CHAMPIONNAT J17<\/td><\/tr><tr><td class=\"has-text-align-right\" data-align=\"right\"><strong>Heure du match :<\/strong><\/td><td class=\"has-text-align-left\" data-align=\"left\">15H00<\/td><\/tr><tr><td class=\"has-text-align-right\" data-align=\"right\"><strong>Adversaire :<\/strong><\/td><td class=\"has-text-align-left\" data-align=\"left\">VALANJOU<\/td><\/tr><tr><td class=\"has-text-align-right\" data-align=\"right\"><strong>Lieu :<\/strong><\/td><td class=\"has-text-align-left\" data-align=\"left\">VALANJOU<\/td><\/tr><tr><td class=\"has-text-align-right\" data-align=\"right\"><strong>Lieu \/ Heure RDV :<\/strong><\/td><td class=\"has-text-align-left\" data-align=\"left\">MAZI\u00c8RES \/ 13H10<\/td><\/tr><\/tbody><\/table><\/figure>\n\n\n\n<figure class=\"wp-block-table alignfull is-style-stripes\"><table class=\"has-background\" style=\"background-color:#e7f5fe\"><thead><tr><th class=\"has-text-align-center\" data-align=\"center\"><strong>JOUEURS CONVOQUES<\/strong><\/th><\/tr><\/thead><tbody><tr><td class=\"has-text-align-center\" data-align=\"center\">Hugo BOUTIN<\/td><\/tr><tr><td class=\"has-text-align-center\" data-align=\"center\">Antoine COURANT<\/td><\/tr><tr><td class=\"has-text-align-center\" data-align=\"center\">Lucas EAS<\/td><\/tr><tr><td class=\"has-text-align-center\" data-align=\"center\">Tom CHARRIER<\/td><\/tr><tr><td class=\"has-text-align-center\" data-align=\"center\">Emilien PELLETIER<\/td><\/tr><tr><td class=\"has-text-align-center\" data-align=\"center\">Marius ABIN<\/td><\/tr><tr><td class=\"has-text-align-center\" data-align=\"center\">Victor VERMEULEN<\/td><\/tr><tr><td class=\"has-text-align-center\" data-align=\"center\">Tristan MOULIN<\/td><\/tr><tr><td class=\"has-text-align-center\" data-align=\"center\">No\u00e9 GRELIER<\/td><\/tr><tr><td class=\"has-text-align-center\" data-align=\"center\">Anthony BERTAUD<\/td><\/tr><tr><td class=\"has-text-align-center\" data-align=\"center\">Lilian JEANNEAU<\/td><\/tr><tr><td class=\"has-text-align-center\" data-align=\"center\">Simon CHARBONNEAU<\/td><\/tr><tr><td class=\"has-text-align-center\" data-align=\"center\">Vincent BIROT<\/td><\/tr><tr><td class=\"has-text-align-center\" data-align=\"center\">Malory PERENNES<\/td><\/tr><tr><td class=\"has-text-align-center\" data-align=\"center\"><\/td><\/tr><\/tbody><\/table><\/figure>\n<\/div>\n<\/div>\n\n\n\n<div class=\"wp-block-columns is-layout-flex wp-container-core-columns-is-layout-28f84493 wp-block-columns-is-layout-flex\">\n<div class=\"wp-block-column is-layout-flow wp-block-column-is-layout-flow\" style=\"flex-basis:100%\">\n<h1 class=\"wp-block-heading\" id=\"Equipe_C\">Equipe C<\/h1>\n\n\n\n<figure class=\"wp-block-table alignfull is-style-stripes has-medium-font-size\"><table class=\"has-background has-fixed-layout\" style=\"background-color:#e7f5fe\"><tbody><tr><td class=\"has-text-align-right\" data-align=\"right\"><strong>Ev\u00e9nement :<\/strong><\/td><td class=\"has-text-align-left\" data-align=\"left\">CHAMPIONNAT J17<\/td><\/tr><tr><td class=\"has-text-align-right\" data-align=\"right\"><strong>Heure du match :<\/strong><\/td><td class=\"has-text-align-left\" data-align=\"left\">12H30<\/td><\/tr><tr><td class=\"has-text-align-right\" data-align=\"right\"><strong>Adversaire :<\/strong><\/td><td class=\"has-text-align-left\" data-align=\"left\">ST GEORGES TREM 2<\/td><\/tr><tr><td class=\"has-text-align-right\" data-align=\"right\"><strong>Lieu :<\/strong><\/td><td class=\"has-text-align-left\" data-align=\"left\">MAZI\u00c8RES-EN-MAUGES<\/td><\/tr><tr><td class=\"has-text-align-right\" data-align=\"right\"><strong>Lieu \/ Heure RDV :<\/strong><\/td><td class=\"has-text-align-left\" data-align=\"left\">MAZI\u00c8RES \/ 11H14<\/td><\/tr><\/tbody><\/table><\/figure>\n\n\n\n<figure class=\"wp-block-table alignfull is-style-stripes\"><table class=\"has-background\" style=\"background-color:#e7f5fe\"><thead><tr><th class=\"has-text-align-center\" data-align=\"center\"><strong>JOUEURS CONVOQUES<\/strong><\/th><\/tr><\/thead><tbody><tr><td class=\"has-text-align-center\" data-align=\"center\">Baptiste SARRAZIN<\/td><\/tr><tr><td class=\"has-text-align-center\" data-align=\"center\">No\u00e9 PAQUIER<\/td><\/tr><tr><td class=\"has-text-align-center\" data-align=\"center\">Ethan COUTURIER<\/td><\/tr><tr><td class=\"has-text-align-center\" data-align=\"center\">Corentin MAGNIER<\/td><\/tr><tr><td class=\"has-text-align-center\" data-align=\"center\">Mohammed ADAM<\/td><\/tr><tr><td class=\"has-text-align-center\" data-align=\"center\">Louis TIGNON<\/td><\/tr><tr><td class=\"has-text-align-center\" data-align=\"center\">Elie RAMBAUD<\/td><\/tr><tr><td class=\"has-text-align-center\" data-align=\"center\">Romain M\u00c9E<\/td><\/tr><tr><td class=\"has-text-align-center\" data-align=\"center\">Benjamin PUAUD<\/td><\/tr><tr><td class=\"has-text-align-center\" data-align=\"center\">Dorian LHERIAU<\/td><\/tr><tr><td class=\"has-text-align-center\" data-align=\"center\">Alexis FERNANDES<\/td><\/tr><tr><td class=\"has-text-align-center\" data-align=\"center\">Killian LUSSON<\/td><\/tr><tr><td class=\"has-text-align-center\" data-align=\"center\">Bastien MARQUIS<\/td><\/tr><tr><td class=\"has-text-align-center\" data-align=\"center\">Medhi TALLONNEAU<\/td><\/tr><tr><td class=\"has-text-align-center\" data-align=\"center\">&nbsp;<\/td><\/tr><\/tbody><\/table><\/figure>\n<\/div>\n<\/div>\n\n\n\n<div class=\"wp-block-columns is-layout-flex wp-container-core-columns-is-layout-28f84493 wp-block-columns-is-layout-flex\">\n<div class=\"wp-block-column is-layout-flow wp-block-column-is-layout-flow\" style=\"flex-basis:100%\">\n<h1 class=\"wp-block-heading\" id=\"Equipe_D\">Equipe D<\/h1>\n\n\n\n<figure class=\"wp-block-table alignfull is-style-stripes has-medium-font-size\"><table class=\"has-background has-fixed-layout\" style=\"background-color:#e7f5fe\"><tbody><tr><td class=\"has-text-align-right\" data-align=\"right\"><strong>Ev\u00e9nement :<\/strong><\/td><td class=\"has-text-align-left\" data-align=\"left\">CHAMPIONNAT J17<\/td><\/tr><tr><td class=\"has-text-align-right\" data-align=\"right\"><strong>Heure du match :<\/strong><\/td><td class=\"has-text-align-left\" data-align=\"left\">10H30<\/td><\/tr><tr><td class=\"has-text-align-right\" data-align=\"right\"><strong>Adversaire :<\/strong><\/td><td class=\"has-text-align-left\" data-align=\"left\">MONTILLIERS 4<\/td><\/tr><tr><td class=\"has-text-align-right\" data-align=\"right\"><strong>Lieu :<\/strong><\/td><td class=\"has-text-align-left\" data-align=\"left\">MONTILLIERS<\/td><\/tr><tr><td class=\"has-text-align-right\" data-align=\"right\"><strong>Lieu \/ Heure RDV :<\/strong><\/td><td class=\"has-text-align-left\" data-align=\"left\">MAZI\u00c8RES \/ 8H45<\/td><\/tr><\/tbody><\/table><\/figure>\n\n\n\n<figure class=\"wp-block-table alignfull is-style-stripes\"><table class=\"has-background\" style=\"background-color:#e7f5fe\"><thead><tr><th class=\"has-text-align-center\" data-align=\"center\"><strong>JOUEURS CONVOQUES<\/strong><\/th><\/tr><\/thead><tbody><tr><td class=\"has-text-align-center\" data-align=\"center\">Alix PICHONNEAU<\/td><\/tr><tr><td class=\"has-text-align-center\" data-align=\"center\">Enzo CHAILLOU<\/td><\/tr><tr><td class=\"has-text-align-center\" data-align=\"center\">J\u00e9r\u00e9my BARON<\/td><\/tr><tr><td class=\"has-text-align-center\" data-align=\"center\">Steve BODET<\/td><\/tr><tr><td class=\"has-text-align-center\" data-align=\"center\">Louis CHOLOUX<\/td><\/tr><tr><td class=\"has-text-align-center\" data-align=\"center\">Haroun ABAKKAR<\/td><\/tr><tr><td class=\"has-text-align-center\" data-align=\"center\">Th\u00e9o LHOPITALLIER<\/td><\/tr><tr><td class=\"has-text-align-center\" data-align=\"center\">Pierre-Andr\u00e9 GAUBERT<\/td><\/tr><tr><td class=\"has-text-align-center\" data-align=\"center\">L\u00e9o JACQUET<\/td><\/tr><tr><td class=\"has-text-align-center\" data-align=\"center\">Haney ABDEL AZIZ<\/td><\/tr><tr><td class=\"has-text-align-center\" data-align=\"center\">Lucas MAGUI<\/td><\/tr><tr><td class=\"has-text-align-center\" data-align=\"center\">Yassine TOUZGAR<\/td><\/tr><tr><td class=\"has-text-align-center\" data-align=\"center\">Ma\u00ebl TESSON<\/td><\/tr><tr><td class=\"has-text-align-center\" data-align=\"center\"><\/td><\/tr><tr><td class=\"has-text-align-center\" data-align=\"center\"><\/td><\/tr><\/tbody><\/table><\/figure>\n<\/div>\n<\/div>\n\n\n\n<div class=\"wp-block-columns is-layout-flex wp-container-core-columns-is-layout-28f84493 wp-block-columns-is-layout-flex\">\n<div class=\"wp-block-column is-layout-flow wp-block-column-is-layout-flow\" style=\"flex-basis:100%\">\n<h1 class=\"wp-block-heading\" id=\"Equipe_E\">Equipe E<\/h1>\n\n\n\n<figure class=\"wp-block-table alignfull is-style-stripes has-medium-font-size\"><table class=\"has-background has-fixed-layout\" style=\"background-color:#e7f5fe\"><tbody><tr><td class=\"has-text-align-right\" data-align=\"right\"><strong>Ev\u00e9nement :<\/strong><\/td><td class=\"has-text-align-left\" data-align=\"left\"><\/td><\/tr><tr><td class=\"has-text-align-right\" data-align=\"right\"><strong>Heure du match :<\/strong><\/td><td class=\"has-text-align-left\" data-align=\"left\"><\/td><\/tr><tr><td class=\"has-text-align-right\" data-align=\"right\"><strong>Adversaire :<\/strong><\/td><td class=\"has-text-align-left\" data-align=\"left\"><\/td><\/tr><tr><td class=\"has-text-align-right\" data-align=\"right\"><strong>Lieu :<\/strong><\/td><td class=\"has-text-align-left\" data-align=\"left\"><\/td><\/tr><tr><td class=\"has-text-align-right\" data-align=\"right\"><strong>Lieu \/ Heure RDV :<\/strong><\/td><td class=\"has-text-align-left\" data-align=\"left\"><\/td><\/tr><\/tbody><\/table><\/figure>\n\n\n\n<figure class=\"wp-block-table alignfull is-style-stripes\"><table class=\"has-background\" style=\"background-color:#e7f5fe\"><thead><tr><th class=\"has-text-align-center\" data-align=\"center\"><strong>JOUEURS CONVOQUES<\/strong><\/th><\/tr><\/thead><tbody><tr><td class=\"has-text-align-center\" data-align=\"center\"><\/td><\/tr><tr><td class=\"has-text-align-center\" data-align=\"center\"><\/td><\/tr><tr><td class=\"has-text-align-center\" data-align=\"center\"><\/td><\/tr><tr><td class=\"has-text-align-center\" data-align=\"center\"><\/td><\/tr><tr><td class=\"has-text-align-center\" data-align=\"center\"><\/td><\/tr><tr><td class=\"has-text-align-center\" data-align=\"center\"><\/td><\/tr><tr><td class=\"has-text-align-center\" data-align=\"center\"><\/td><\/tr><tr><td class=\"has-text-align-center\" data-align=\"center\"><\/td><\/tr><tr><td class=\"has-text-align-center\" data-align=\"center\"><\/td><\/tr><tr><td class=\"has-text-align-center\" data-align=\"center\"><\/td><\/tr><tr><td class=\"has-text-align-center\" data-align=\"center\"><\/td><\/tr><tr><td class=\"has-text-align-center\" data-align=\"center\"><\/td><\/tr><tr><td class=\"has-text-align-center\" data-align=\"center\"><\/td><\/tr><tr><td class=\"has-text-align-center\" data-align=\"center\"><\/td><\/tr><tr><td class=\"has-text-align-center\" data-align=\"center\"><\/td><\/tr><\/tbody><\/table><\/figure>\n<\/div>\n<\/div>\n\n\n\n<p>0p<\/p>\n","protected":false},"excerpt":{"rendered":"<p>29 Mars 2026 ATTENTION PASSAGE \u00c0 L\u2019HEURE D\u2019\u00c9T\u00c9 +1H Modifi\u00e9 le &nbsp; Equipe A Ev\u00e9nement : CHAMPIONNAT J17 Heure du [&hellip;]<\/p>\n","protected":false},"author":13,"featured_media":252,"parent":577,"menu_order":10,"comment_status":"closed","ping_status":"closed","template":"","meta":{"site-sidebar-layout":"default","site-content-layout":"","ast-site-content-layout":"default","site-content-style":"default","site-sidebar-style":"default","ast-global-header-display":"","ast-banner-title-visibility":"","ast-main-header-display":"","ast-hfb-above-header-display":"","ast-hfb-below-header-display":"","ast-hfb-mobile-header-display":"","site-post-title":"","ast-breadcrumbs-content":"","ast-featured-img":"","footer-sml-layout":"","ast-disable-related-posts":"","theme-transparent-header-meta":"","adv-header-id-meta":"","stick-header-meta":"","header-above-stick-meta":"","header-main-stick-meta":"","header-below-stick-meta":"","astra-migrate-meta-layouts":"default","ast-page-background-enabled":"default","ast-page-background-meta":{"desktop":{"background-color":"var(--ast-global-color-4)","background-image":"","background-repeat":"repeat","background-position":"center center","background-size":"auto","background-attachment":"scroll","background-type":"","background-media":"","overlay-type":"","overlay-color":"","overlay-opacity":"","overlay-gradient":""},"tablet":{"background-color":"","background-image":"","background-repeat":"repeat","background-position":"center center","background-size":"auto","background-attachment":"scroll","background-type":"","background-media":"","overlay-type":"","overlay-color":"","overlay-opacity":"","overlay-gradient":""},"mobile":{"background-color":"","background-image":"","background-repeat":"repeat","background-position":"center center","background-size":"auto","background-attachment":"scroll","background-type":"","background-media":"","overlay-type":"","overlay-color":"","overlay-opacity":"","overlay-gradient":""}},"ast-content-background-meta":{"desktop":{"background-color":"var(--ast-global-color-5)","background-image":"","background-repeat":"repeat","background-position":"center center","background-size":"auto","background-attachment":"scroll","background-type":"","background-media":"","overlay-type":"","overlay-color":"","overlay-opacity":"","overlay-gradient":""},"tablet":{"background-color":"var(--ast-global-color-5)","background-image":"","background-repeat":"repeat","background-position":"center center","background-size":"auto","background-attachment":"scroll","background-type":"","background-media":"","overlay-type":"","overlay-color":"","overlay-opacity":"","overlay-gradient":""},"mobile":{"background-color":"var(--ast-global-color-5)","background-image":"","background-repeat":"repeat","background-position":"center center","background-size":"auto","background-attachment":"scroll","background-type":"","background-media":"","overlay-type":"","overlay-color":"","overlay-opacity":"","overlay-gradient":""}},"footnotes":""},"class_list":["post-583","page","type-page","status-publish","has-post-thumbnail","hentry"],"_links":{"self":[{"href":"https:\/\/uspumate.fr\/index.php\/wp-json\/wp\/v2\/pages\/583","targetHints":{"allow":["GET"]}}],"collection":[{"href":"https:\/\/uspumate.fr\/index.php\/wp-json\/wp\/v2\/pages"}],"about":[{"href":"https:\/\/uspumate.fr\/index.php\/wp-json\/wp\/v2\/types\/page"}],"author":[{"embeddable":true,"href":"https:\/\/uspumate.fr\/index.php\/wp-json\/wp\/v2\/users\/13"}],"replies":[{"embeddable":true,"href":"https:\/\/uspumate.fr\/index.php\/wp-json\/wp\/v2\/comments?post=583"}],"version-history":[{"count":160,"href":"https:\/\/uspumate.fr\/index.php\/wp-json\/wp\/v2\/pages\/583\/revisions"}],"predecessor-version":[{"id":5571,"href":"https:\/\/uspumate.fr\/index.php\/wp-json\/wp\/v2\/pages\/583\/revisions\/5571"}],"up":[{"embeddable":true,"href":"https:\/\/uspumate.fr\/index.php\/wp-json\/wp\/v2\/pages\/577"}],"wp:featuredmedia":[{"embeddable":true,"href":"https:\/\/uspumate.fr\/index.php\/wp-json\/"}],"wp:attachment":[{"href":"https:\/\/uspumate.fr\/index.php\/wp-json\/wp\/v2\/media?parent=583"}],"curies":[{"name":"wp","href":"https:\/\/api.w.org\/{rel}","templated":true}]}}