{"id":621,"date":"2024-08-28T21:32:10","date_gmt":"2024-08-28T19:32:10","guid":{"rendered":"https:\/\/uspumate.fr\/?page_id=621"},"modified":"2026-03-26T22:42:47","modified_gmt":"2026-03-26T21:42:47","slug":"convocations-u15","status":"publish","type":"page","link":"https:\/\/uspumate.fr\/index.php\/convocations\/convocations-u15\/","title":{"rendered":"Convocations U15"},"content":{"rendered":"\n<h2 class=\"wp-block-heading has-text-align-center\" id=\"Samedi_17_mai_2025\"><strong>Samedi 28 mars 2026<\/strong><\/h2>\n\n\n\n<header class=\"wp-block-group has-small-font-size is-horizontal is-content-justification-center is-nowrap is-layout-flex wp-container-core-group-is-layout-8d6c98a8 wp-block-group-is-layout-flex\" style=\"margin-top:0;margin-bottom:0;padding-top:0;padding-right:0;padding-bottom:0;padding-left:0\">\n<h4 class=\"wp-block-heading has-text-align-center has-small-font-size\" id=\"Modifi\u00e9_le\"><em>Modifi\u00e9 le<\/em><\/h4>\n\n\n<div style=\"margin-top:0px;margin-bottom:0px;margin-left:0;margin-right:0;\" class=\"has-text-align-center wp-block-post-date__modified-date wp-block-post-date has-small-font-size\"><time datetime=\"2026-03-26T22:42:47+01:00\">26 mars 2026<\/time><\/div><\/header>\n\n\n\n<div class=\"wp-block-ultimate-post-table-of-content ultp-block-895c04\"><div class=\"ultp-block-wrapper\"><div class=\"ultp-block-toc\"><div class=\"ultp-toc-header\"><div class=\"ultp-toc-heading\">Acc\u00e8s direct<\/div><div class=\"ultp-collapsible-toggle  ultp-collapsible-right\"><a class=\"ultp-collapsible-text ultp-collapsible-open\" href=\";\">[Open]<\/a><a class=\"ultp-collapsible-text ultp-collapsible-hide\" href=\";\">[Close]<\/a><\/div><\/div><div class=\"ultp-block-toc-style1 ultp-block-toc-body\" style=\"display:block\"><ul class=\"ultp-toc-lists\"><li><a href=\"#Equipe_U15-A\">Equipe U15-A<\/a><\/li><li><a href=\"#Equipe_U15-B\">Equipe U15-B<\/a><\/li><li><a href=\"#Equipe_U15-C\">Equipe U15-C<\/a><\/li><\/ul><\/div><\/div><\/div><\/div>\n\n\n\n<div class=\"wp-block-columns is-layout-flex wp-container-core-columns-is-layout-28f84493 wp-block-columns-is-layout-flex\">\n<div class=\"wp-block-column is-layout-flow wp-block-column-is-layout-flow\" style=\"flex-basis:100%\">\n<h1 class=\"wp-block-heading\" id=\"Equipe_U15-A\">Equipe U15-A<\/h1>\n\n\n\n<figure class=\"wp-block-table alignfull is-style-stripes has-medium-font-size\"><table class=\"has-background has-fixed-layout\" style=\"background-color:#e7f5fe\"><tbody><tr><td class=\"has-text-align-right\" data-align=\"right\"><strong>Ev\u00e9nement :<\/strong><\/td><td class=\"has-text-align-left\" data-align=\"left\">Championnat Elite (Journ\u00e9e 7)<\/td><\/tr><tr><td class=\"has-text-align-right\" data-align=\"right\"><strong>Jour et heure du match :<\/strong><\/td><td class=\"has-text-align-left\" data-align=\"left\"><strong>Samedi \u00e0 15h00<\/strong><\/td><\/tr><tr><td class=\"has-text-align-right\" data-align=\"right\"><strong>Adversaire :<\/strong><\/td><td class=\"has-text-align-left\" data-align=\"left\">Brissac Aubance ES 1<\/td><\/tr><tr><td class=\"has-text-align-right\" data-align=\"right\"><strong>Lieu :<\/strong><\/td><td class=\"has-text-align-left\" data-align=\"left\">La Tessoualle<\/td><\/tr><tr><td class=\"has-text-align-right\" data-align=\"right\"><strong>Lieu \/ Heure RDV :<\/strong><\/td><td class=\"has-text-align-left\" data-align=\"left\"><strong>La Tessoualle \u00e0 13h45<\/strong><\/td><\/tr><\/tbody><\/table><\/figure>\n\n\n\n<figure class=\"wp-block-table alignfull is-style-stripes\"><table class=\"has-background\" style=\"background-color:#e7f5fe\"><thead><tr><th class=\"has-text-align-center\" data-align=\"center\"><strong>JOUEURS CONVOQUES<\/strong><\/th><\/tr><\/thead><tbody><tr><td class=\"has-text-align-center\" data-align=\"center\">Axel PETITEAU<\/td><\/tr><tr><td class=\"has-text-align-center\" data-align=\"center\">Edgar CHARRIAT<\/td><\/tr><tr><td class=\"has-text-align-center\" data-align=\"center\">Jules GODARD<\/td><\/tr><tr><td class=\"has-text-align-center\" data-align=\"center\">Jules GUERRY<\/td><\/tr><tr><td class=\"has-text-align-center\" data-align=\"center\">Mathis BONNEAU<\/td><\/tr><tr><td class=\"has-text-align-center\" data-align=\"center\">Matias BELLEGUIC<\/td><\/tr><tr><td class=\"has-text-align-center\" data-align=\"center\">Nino BREGEON<\/td><\/tr><tr><td class=\"has-text-align-center\" data-align=\"center\">Owen BODET<\/td><\/tr><tr><td class=\"has-text-align-center\" data-align=\"center\">Paul COLAISSEAU<\/td><\/tr><tr><td class=\"has-text-align-center\" data-align=\"center\">Santiago EPRON<\/td><\/tr><tr><td class=\"has-text-align-center\" data-align=\"center\">Sasha LE SAOS<\/td><\/tr><tr><td class=\"has-text-align-center\" data-align=\"center\">Simon TURPAULT<\/td><\/tr><tr><td class=\"has-text-align-center\" data-align=\"center\">Swan LY<\/td><\/tr><tr><td class=\"has-text-align-center\" data-align=\"center\">Yanis FROUIN<\/td><\/tr><tr><td class=\"has-text-align-center\" data-align=\"center\"><\/td><\/tr><tr><td class=\"has-text-align-center\" data-align=\"center\"><strong>Pr\u00e9voir : <\/strong><\/td><\/tr><tr><td class=\"has-text-align-center\" data-align=\"center\">&nbsp;&#8211; Le surv\u00eatement du club<br>&#8211; Un short noir (Hummel)<br>&#8211; Des chaussettes rouges (Hummel)<br>&#8211; Une gourde<\/td><\/tr><tr><td class=\"has-text-align-center\" data-align=\"center\"><\/td><\/tr><tr><td class=\"has-text-align-center\" data-align=\"center\"><strong>DIRIGEANTS<\/strong><\/td><\/tr><tr><td class=\"has-text-align-center\" data-align=\"center\"><strong>Vincent BIROT<\/strong> 06.75.65.73.52&nbsp;<\/td><\/tr><tr><td class=\"has-text-align-center\" data-align=\"center\"><b>G<\/b><strong>a\u00ebtan BRIN <\/strong>06.13.18.60.23<\/td><\/tr><tr><td class=\"has-text-align-center\" data-align=\"center\">&nbsp;<\/td><\/tr><tr><td class=\"has-text-align-center\" data-align=\"center\"><\/td><\/tr><tr><td class=\"has-text-align-center\" data-align=\"center\"><\/td><\/tr><\/tbody><\/table><\/figure>\n\n\n\n<figure class=\"wp-block-table is-style-stripes\"><table class=\"has-background\" style=\"background-color:#e7f5fe\"><thead><tr><th class=\"has-text-align-center\" data-align=\"center\">VOITURES<\/th><th class=\"has-text-align-center\" data-align=\"center\">BUVETTES<\/th><th class=\"has-text-align-center\" data-align=\"center\">AUTRES<\/th><\/tr><\/thead><tbody><tr><td class=\"has-text-align-center\" data-align=\"center\">Nino BREGEON<\/td><td class=\"has-text-align-center\" data-align=\"center\"><\/td><td class=\"has-text-align-center\" data-align=\"center\"><\/td><\/tr><tr><td class=\"has-text-align-center\" data-align=\"center\">Yanis FROUIN<\/td><td class=\"has-text-align-center\" data-align=\"center\"><\/td><td class=\"has-text-align-center\" data-align=\"center\"><\/td><\/tr><tr><td class=\"has-text-align-center\" data-align=\"center\"><\/td><td class=\"has-text-align-center\" data-align=\"center\"><\/td><td class=\"has-text-align-center\" data-align=\"center\"><\/td><\/tr><tr><td class=\"has-text-align-center\" data-align=\"center\"><\/td><td class=\"has-text-align-center\" data-align=\"center\"><\/td><td class=\"has-text-align-center\" data-align=\"center\"><\/td><\/tr><tr><td class=\"has-text-align-center\" data-align=\"center\"><\/td><td class=\"has-text-align-center\" data-align=\"center\">&nbsp;<\/td><td class=\"has-text-align-center\" data-align=\"center\"><\/td><\/tr><tr><td class=\"has-text-align-center\" data-align=\"center\">&nbsp;<\/td><td class=\"has-text-align-center\" data-align=\"center\">&nbsp;<\/td><td class=\"has-text-align-center\" data-align=\"center\"><\/td><\/tr><\/tbody><\/table><\/figure>\n\n\n\n<figure class=\"wp-block-table is-style-stripes\"><table class=\"has-fixed-layout\"><thead><tr><th class=\"has-text-align-center\" data-align=\"center\">JOUEURS ABSENTS<\/th><th class=\"has-text-align-center\" data-align=\"center\">MOTIF<\/th><\/tr><\/thead><tbody><tr><td class=\"has-text-align-center\" data-align=\"center\">&#8211;<\/td><td class=\"has-text-align-center\" data-align=\"center\">Exempts <\/td><\/tr><tr><td class=\"has-text-align-center\" data-align=\"center\">&#8211;<\/td><td class=\"has-text-align-center\" data-align=\"center\">Convoqu\u00e9s en U17<\/td><\/tr><tr><td class=\"has-text-align-center\" data-align=\"center\">Angelo B \/ Corentin V \/ Eliot B \/ Lucas A <\/td><td class=\"has-text-align-center\" data-align=\"center\"> Absents<\/td><\/tr><tr><td class=\"has-text-align-center\" data-align=\"center\">Baptiste C \/ Jules L<\/td><td class=\"has-text-align-center\" data-align=\"center\">&nbsp;Bless\u00e9s<\/td><\/tr><\/tbody><\/table><\/figure>\n<\/div>\n<\/div>\n\n\n\n<p>&nbsp;<\/p>\n\n\n\n<div class=\"wp-block-columns is-layout-flex wp-container-core-columns-is-layout-28f84493 wp-block-columns-is-layout-flex\">\n<div class=\"wp-block-column is-layout-flow wp-block-column-is-layout-flow\" style=\"flex-basis:100%\">\n<h1 class=\"wp-block-heading\" id=\"Equipe_U15-B\">Equipe U15-B<\/h1>\n\n\n\n<figure class=\"wp-block-table alignfull is-style-stripes has-medium-font-size\"><table class=\"has-background has-fixed-layout\" style=\"background-color:#e7f5fe\"><tbody><tr><td class=\"has-text-align-right\" data-align=\"right\"><strong>Ev\u00e9nement :<\/strong><\/td><td class=\"has-text-align-left\" data-align=\"left\">Championnat D2 (Journ\u00e9e 7)<\/td><\/tr><tr><td class=\"has-text-align-right\" data-align=\"right\"><strong><strong>Jour et heure du match<\/strong> :<\/strong><\/td><td class=\"has-text-align-left\" data-align=\"left\"><strong>Samedi \u00e0 15h00<\/strong><\/td><\/tr><tr><td class=\"has-text-align-right\" data-align=\"right\"><strong>Adversaire :<\/strong><\/td><td class=\"has-text-align-left\" data-align=\"left\">Valanjou AS 1<\/td><\/tr><tr><td class=\"has-text-align-right\" data-align=\"right\"><strong>Lieu :<\/strong><\/td><td class=\"has-text-align-left\" data-align=\"left\">Valanjou <\/td><\/tr><tr><td class=\"has-text-align-right\" data-align=\"right\"><strong>Lieu \/ Heure RDV :<\/strong><\/td><td class=\"has-text-align-left\" data-align=\"left\"><strong>Mazi\u00e8res en mauges \u00e0 13h10<\/strong><\/td><\/tr><\/tbody><\/table><\/figure>\n\n\n\n<figure class=\"wp-block-table alignfull is-style-stripes\"><table class=\"has-background\" style=\"background-color:#e7f5fe\"><thead><tr><th class=\"has-text-align-center\" data-align=\"center\"><strong>JOUEURS CONVOQUES<\/strong><\/th><\/tr><\/thead><tbody><tr><td class=\"has-text-align-center\" data-align=\"center\">Adam MAKLAA<\/td><\/tr><tr><td class=\"has-text-align-center\" data-align=\"center\">Adama RAFIN<\/td><\/tr><tr><td class=\"has-text-align-center\" data-align=\"center\">Edouard PIRES<\/td><\/tr><tr><td class=\"has-text-align-center\" data-align=\"center\">Ethan LESAGE<\/td><\/tr><tr><td class=\"has-text-align-center\" data-align=\"center\">Ewen MICHEL<\/td><\/tr><tr><td class=\"has-text-align-center\" data-align=\"center\">Jules GRASSET<\/td><\/tr><tr><td class=\"has-text-align-center\" data-align=\"center\">Lucas MALIS<\/td><\/tr><tr><td class=\"has-text-align-center\" data-align=\"center\">Pac\u00f4me BREC<\/td><\/tr><tr><td class=\"has-text-align-center\" data-align=\"center\">Paul GUICHARD<\/td><\/tr><tr><td class=\"has-text-align-center\" data-align=\"center\">Quentin ROY<\/td><\/tr><tr><td class=\"has-text-align-center\" data-align=\"center\">Sacha LY<\/td><\/tr><tr><td class=\"has-text-align-center\" data-align=\"center\">Thomas MOREAU<\/td><\/tr><tr><td class=\"has-text-align-center\" data-align=\"center\">Tim\u00e9o COUTANT<\/td><\/tr><tr><td class=\"has-text-align-center\" data-align=\"center\">Tym\u00e9o BERNARD<\/td><\/tr><tr><td class=\"has-text-align-center\" data-align=\"center\"><\/td><\/tr><tr><td class=\"has-text-align-center\" data-align=\"center\"><strong>Pr\u00e9voir : <\/strong>&nbsp;&nbsp;<\/td><\/tr><tr><td class=\"has-text-align-center\" data-align=\"center\">&#8211; Le surv\u00eatement du club<br>&#8211; Un short noir (Hummel)<br>&#8211; Des chaussettes rouges (Hummel)<br>&#8211; Une gourde&nbsp;<\/td><\/tr><tr><td class=\"has-text-align-center\" data-align=\"center\"><\/td><\/tr><tr><td class=\"has-text-align-center\" data-align=\"center\"><strong>DIRIGEANTS<\/strong><\/td><\/tr><tr><td class=\"has-text-align-center\" data-align=\"center\"><strong>Titouan OGER<\/strong> 06.16.96.44.86<\/td><\/tr><tr><td class=\"has-text-align-center\" data-align=\"center\"><strong>Cl\u00e9ment DOUBLET<\/strong> 06.46.40.41.86<\/td><\/tr><tr><td class=\"has-text-align-center\" data-align=\"center\">&nbsp;<\/td><\/tr><tr><td class=\"has-text-align-center\" data-align=\"center\"><\/td><\/tr><tr><td class=\"has-text-align-center\" data-align=\"center\"><\/td><\/tr><\/tbody><\/table><\/figure>\n\n\n\n<figure class=\"wp-block-table is-style-stripes\"><table class=\"has-background\" style=\"background-color:#e7f5fe\"><thead><tr><th class=\"has-text-align-center\" data-align=\"center\">VOITURES<\/th><th class=\"has-text-align-center\" data-align=\"center\">BUVETTES<\/th><th class=\"has-text-align-center\" data-align=\"center\">AUTRES<\/th><\/tr><\/thead><tbody><tr><td class=\"has-text-align-center\" data-align=\"center\"><\/td><td class=\"has-text-align-center\" data-align=\"center\">Edouard PIRES<\/td><td class=\"has-text-align-center\" data-align=\"center\"><\/td><\/tr><tr><td class=\"has-text-align-center\" data-align=\"center\"><\/td><td class=\"has-text-align-center\" data-align=\"center\">Ewen MICHEL<\/td><td class=\"has-text-align-center\" data-align=\"center\"><\/td><\/tr><tr><td class=\"has-text-align-center\" data-align=\"center\"><\/td><td class=\"has-text-align-center\" data-align=\"center\">Sacha LY<\/td><td class=\"has-text-align-center\" data-align=\"center\"><\/td><\/tr><tr><td class=\"has-text-align-center\" data-align=\"center\"><\/td><td class=\"has-text-align-center\" data-align=\"center\">Tym\u00e9o BERNARD<\/td><td class=\"has-text-align-center\" data-align=\"center\"><\/td><\/tr><tr><td class=\"has-text-align-center\" data-align=\"center\">&nbsp;<\/td><td class=\"has-text-align-center\" data-align=\"center\">&nbsp;<\/td><td class=\"has-text-align-center\" data-align=\"center\"><\/td><\/tr><tr><td class=\"has-text-align-center\" data-align=\"center\">&nbsp;<\/td><td class=\"has-text-align-center\" data-align=\"center\">&nbsp;<\/td><td class=\"has-text-align-center\" data-align=\"center\"><\/td><\/tr><\/tbody><\/table><\/figure>\n\n\n\n<figure class=\"wp-block-table is-style-stripes\"><table class=\"has-fixed-layout\"><thead><tr><th class=\"has-text-align-center\" data-align=\"center\">JOUEURS ABSENTS<\/th><th class=\"has-text-align-center\" data-align=\"center\">MOTIF<\/th><\/tr><\/thead><tbody><tr><td class=\"has-text-align-center\" data-align=\"center\">&#8211;<\/td><td class=\"has-text-align-center\" data-align=\"center\">Exempts<\/td><\/tr><tr><td class=\"has-text-align-center\" data-align=\"center\">&#8211;<\/td><td class=\"has-text-align-center\" data-align=\"center\">Convoqu\u00e9s en U17<\/td><\/tr><tr><td class=\"has-text-align-center\" data-align=\"center\">Angelo B \/ Corentin V \/ Eliot B \/ Lucas A <\/td><td class=\"has-text-align-center\" data-align=\"center\">Absents<\/td><\/tr><tr><td class=\"has-text-align-center\" data-align=\"center\">Baptiste C \/ Jules L<\/td><td class=\"has-text-align-center\" data-align=\"center\">Bless\u00e9s<\/td><\/tr><\/tbody><\/table><\/figure>\n<\/div>\n<\/div>\n\n\n\n<div class=\"wp-block-columns is-layout-flex wp-container-core-columns-is-layout-28f84493 wp-block-columns-is-layout-flex\">\n<div class=\"wp-block-column is-layout-flow wp-block-column-is-layout-flow\" style=\"flex-basis:100%\">\n<h1 class=\"wp-block-heading\" id=\"Equipe_U15-C\">Equipe U15-C<\/h1>\n\n\n\n<figure class=\"wp-block-table alignfull is-style-stripes has-medium-font-size\"><table class=\"has-background has-fixed-layout\" style=\"background-color:#e7f5fe\"><tbody><tr><td class=\"has-text-align-right\" data-align=\"right\"><strong>Ev\u00e9nement :<\/strong><\/td><td class=\"has-text-align-left\" data-align=\"left\">Championnat D3 (Journ\u00e9e 7)<\/td><\/tr><tr><td class=\"has-text-align-right\" data-align=\"right\"><strong><strong>Jour et heure du match<\/strong> :<\/strong><\/td><td class=\"has-text-align-left\" data-align=\"left\"><strong>Samedi \u00e0 15h00<\/strong><\/td><\/tr><tr><td class=\"has-text-align-right\" data-align=\"right\"><strong>Adversaire :<\/strong><\/td><td class=\"has-text-align-left\" data-align=\"left\">GJ Torfou Sev Moine 3<\/td><\/tr><tr><td class=\"has-text-align-right\" data-align=\"right\"><strong>Lieu :<\/strong><\/td><td class=\"has-text-align-left\" data-align=\"left\">La Tessoualle <\/td><\/tr><tr><td class=\"has-text-align-right\" data-align=\"right\"><strong>Lieu \/ Heure RDV :<\/strong><\/td><td class=\"has-text-align-left\" data-align=\"left\"><strong>La Tessoualle \u00e0 13h45<\/strong><\/td><\/tr><\/tbody><\/table><\/figure>\n\n\n\n<figure class=\"wp-block-table alignfull is-style-stripes\"><table class=\"has-background\" style=\"background-color:#e7f5fe\"><thead><tr><th class=\"has-text-align-center\" data-align=\"center\"><strong>JOUEURS CONVOQUES<\/strong><\/th><\/tr><\/thead><tbody><tr><td class=\"has-text-align-center\" data-align=\"center\">Hamza OUBAALLA<\/td><\/tr><tr><td class=\"has-text-align-center\" data-align=\"center\">Jules BELLANGER<\/td><\/tr><tr><td class=\"has-text-align-center\" data-align=\"center\">Louen SUPIOT<\/td><\/tr><tr><td class=\"has-text-align-center\" data-align=\"center\">Melvyn CIRON<\/td><\/tr><tr><td class=\"has-text-align-center\" data-align=\"center\">Timoth\u00e9 LAIZET<\/td><\/tr><tr><td class=\"has-text-align-center\" data-align=\"center\">Tino HAMELIN<\/td><\/tr><tr><td class=\"has-text-align-center\" data-align=\"center\"><strong>+<\/strong> Akifselim KAVAK<\/td><\/tr><tr><td class=\"has-text-align-center\" data-align=\"center\">Issael HOUSSEN<\/td><\/tr><tr><td class=\"has-text-align-center\" data-align=\"center\">K\u00e9ann BLOND<\/td><\/tr><tr><td class=\"has-text-align-center\" data-align=\"center\">Louis RAFFIN<\/td><\/tr><tr><td class=\"has-text-align-center\" data-align=\"center\">Nolhan RENAULT<\/td><\/tr><tr><td class=\"has-text-align-center\" data-align=\"center\">Owen BOUYER<\/td><\/tr><tr><td class=\"has-text-align-center\" data-align=\"center\">Th\u00e9o DRAPEAU LAFUIE<\/td><\/tr><tr><td class=\"has-text-align-center\" data-align=\"center\">Victor MAURAT<\/td><\/tr><tr><td class=\"has-text-align-center\" data-align=\"center\"><\/td><\/tr><tr><td class=\"has-text-align-center\" data-align=\"center\"><strong>Pr\u00e9voir : <\/strong><\/td><\/tr><tr><td class=\"has-text-align-center\" data-align=\"center\">&nbsp;&#8211; Le surv\u00eatement du club<br>&#8211; Un short noir (Hummel)<br>&#8211; Des chaussettes rouges (Hummel)<br>&#8211; Une gourde<\/td><\/tr><tr><td class=\"has-text-align-center\" data-align=\"center\"><\/td><\/tr><tr><td class=\"has-text-align-center\" data-align=\"center\"><strong>DIRIGEANTS<\/strong><\/td><\/tr><tr><td class=\"has-text-align-center\" data-align=\"center\"><strong>Maxime BERNARD<\/strong> 07.81.56.05.62&nbsp;<\/td><\/tr><tr><td class=\"has-text-align-center\" data-align=\"center\"><strong>Armand PLESSY <\/strong>06.42.22.80.35<\/td><\/tr><tr><td class=\"has-text-align-center\" data-align=\"center\">&nbsp;<\/td><\/tr><tr><td class=\"has-text-align-center\" data-align=\"center\"><\/td><\/tr><tr><td class=\"has-text-align-center\" data-align=\"center\"><\/td><\/tr><\/tbody><\/table><\/figure>\n\n\n\n<figure class=\"wp-block-table is-style-stripes\"><table class=\"has-background\" style=\"background-color:#e7f5fe\"><thead><tr><th class=\"has-text-align-center\" data-align=\"center\">VOITURES<\/th><th class=\"has-text-align-center\" data-align=\"center\">BUVETTES<\/th><th class=\"has-text-align-center\" data-align=\"center\">AUTRES<\/th><\/tr><\/thead><tbody><tr><td class=\"has-text-align-center\" data-align=\"center\"><\/td><td class=\"has-text-align-center\" data-align=\"center\"><\/td><td class=\"has-text-align-center\" data-align=\"center\"><\/td><\/tr><tr><td class=\"has-text-align-center\" data-align=\"center\"><\/td><td class=\"has-text-align-center\" data-align=\"center\"><\/td><td class=\"has-text-align-center\" data-align=\"center\"><\/td><\/tr><tr><td class=\"has-text-align-center\" data-align=\"center\"><\/td><td class=\"has-text-align-center\" data-align=\"center\"><\/td><td class=\"has-text-align-center\" data-align=\"center\"><\/td><\/tr><tr><td class=\"has-text-align-center\" data-align=\"center\"><\/td><td class=\"has-text-align-center\" data-align=\"center\"><\/td><td class=\"has-text-align-center\" data-align=\"center\"><\/td><\/tr><tr><td class=\"has-text-align-center\" data-align=\"center\"><\/td><td class=\"has-text-align-center\" data-align=\"center\">&nbsp;<\/td><td class=\"has-text-align-center\" data-align=\"center\"><\/td><\/tr><tr><td class=\"has-text-align-center\" data-align=\"center\">&nbsp;<\/td><td class=\"has-text-align-center\" data-align=\"center\">&nbsp;<\/td><td class=\"has-text-align-center\" data-align=\"center\"><\/td><\/tr><\/tbody><\/table><\/figure>\n\n\n\n<figure class=\"wp-block-table is-style-stripes\"><table class=\"has-fixed-layout\"><thead><tr><th class=\"has-text-align-center\" data-align=\"center\">JOUEURS ABSENTS<\/th><th class=\"has-text-align-center\" data-align=\"center\">MOTIF<\/th><\/tr><\/thead><tbody><tr><td class=\"has-text-align-center\" data-align=\"center\">&#8211;<\/td><td class=\"has-text-align-center\" data-align=\"center\">Exempts <\/td><\/tr><tr><td class=\"has-text-align-center\" data-align=\"center\">&#8211;<\/td><td class=\"has-text-align-center\" data-align=\"center\">Convoqu\u00e9s en U17<\/td><\/tr><tr><td class=\"has-text-align-center\" data-align=\"center\">Angelo B \/ Corentin V \/ Eliot B \/ Lucas A <\/td><td class=\"has-text-align-center\" data-align=\"center\"> Absents<\/td><\/tr><tr><td class=\"has-text-align-center\" data-align=\"center\">Baptiste C \/ Jules L<\/td><td class=\"has-text-align-center\" data-align=\"center\">&nbsp;Bless\u00e9s<\/td><\/tr><\/tbody><\/table><\/figure>\n<\/div>\n<\/div>\n\n\n\n<p><\/p>\n","protected":false},"excerpt":{"rendered":"<p>Samedi 28 mars 2026 Modifi\u00e9 le Equipe U15-A Ev\u00e9nement : Championnat Elite (Journ\u00e9e 7) Jour et heure du match : [&hellip;]<\/p>\n","protected":false},"author":10,"featured_media":252,"parent":577,"menu_order":40,"comment_status":"closed","ping_status":"closed","template":"","meta":{"site-sidebar-layout":"default","site-content-layout":"","ast-site-content-layout":"default","site-content-style":"default","site-sidebar-style":"default","ast-global-header-display":"","ast-banner-title-visibility":"","ast-main-header-display":"","ast-hfb-above-header-display":"","ast-hfb-below-header-display":"","ast-hfb-mobile-header-display":"","site-post-title":"","ast-breadcrumbs-content":"","ast-featured-img":"","footer-sml-layout":"","ast-disable-related-posts":"","theme-transparent-header-meta":"","adv-header-id-meta":"","stick-header-meta":"","header-above-stick-meta":"","header-main-stick-meta":"","header-below-stick-meta":"","astra-migrate-meta-layouts":"default","ast-page-background-enabled":"default","ast-page-background-meta":{"desktop":{"background-color":"var(--ast-global-color-4)","background-image":"","background-repeat":"repeat","background-position":"center center","background-size":"auto","background-attachment":"scroll","background-type":"","background-media":"","overlay-type":"","overlay-color":"","overlay-opacity":"","overlay-gradient":""},"tablet":{"background-color":"","background-image":"","background-repeat":"repeat","background-position":"center center","background-size":"auto","background-attachment":"scroll","background-type":"","background-media":"","overlay-type":"","overlay-color":"","overlay-opacity":"","overlay-gradient":""},"mobile":{"background-color":"","background-image":"","background-repeat":"repeat","background-position":"center center","background-size":"auto","background-attachment":"scroll","background-type":"","background-media":"","overlay-type":"","overlay-color":"","overlay-opacity":"","overlay-gradient":""}},"ast-content-background-meta":{"desktop":{"background-color":"var(--ast-global-color-5)","background-image":"","background-repeat":"repeat","background-position":"center center","background-size":"auto","background-attachment":"scroll","background-type":"","background-media":"","overlay-type":"","overlay-color":"","overlay-opacity":"","overlay-gradient":""},"tablet":{"background-color":"var(--ast-global-color-5)","background-image":"","background-repeat":"repeat","background-position":"center center","background-size":"auto","background-attachment":"scroll","background-type":"","background-media":"","overlay-type":"","overlay-color":"","overlay-opacity":"","overlay-gradient":""},"mobile":{"background-color":"var(--ast-global-color-5)","background-image":"","background-repeat":"repeat","background-position":"center center","background-size":"auto","background-attachment":"scroll","background-type":"","background-media":"","overlay-type":"","overlay-color":"","overlay-opacity":"","overlay-gradient":""}},"footnotes":""},"class_list":["post-621","page","type-page","status-publish","has-post-thumbnail","hentry"],"_links":{"self":[{"href":"https:\/\/uspumate.fr\/index.php\/wp-json\/wp\/v2\/pages\/621","targetHints":{"allow":["GET"]}}],"collection":[{"href":"https:\/\/uspumate.fr\/index.php\/wp-json\/wp\/v2\/pages"}],"about":[{"href":"https:\/\/uspumate.fr\/index.php\/wp-json\/wp\/v2\/types\/page"}],"author":[{"embeddable":true,"href":"https:\/\/uspumate.fr\/index.php\/wp-json\/wp\/v2\/users\/10"}],"replies":[{"embeddable":true,"href":"https:\/\/uspumate.fr\/index.php\/wp-json\/wp\/v2\/comments?post=621"}],"version-history":[{"count":132,"href":"https:\/\/uspumate.fr\/index.php\/wp-json\/wp\/v2\/pages\/621\/revisions"}],"predecessor-version":[{"id":5559,"href":"https:\/\/uspumate.fr\/index.php\/wp-json\/wp\/v2\/pages\/621\/revisions\/5559"}],"up":[{"embeddable":true,"href":"https:\/\/uspumate.fr\/index.php\/wp-json\/wp\/v2\/pages\/577"}],"wp:featuredmedia":[{"embeddable":true,"href":"https:\/\/uspumate.fr\/index.php\/wp-json\/"}],"wp:attachment":[{"href":"https:\/\/uspumate.fr\/index.php\/wp-json\/wp\/v2\/media?parent=621"}],"curies":[{"name":"wp","href":"https:\/\/api.w.org\/{rel}","templated":true}]}}